{"id":24,"date":"2025-08-25T11:04:45","date_gmt":"2025-08-25T09:04:45","guid":{"rendered":"https:\/\/hmbsailing.wordpress.com\/?page_id=24"},"modified":"2025-08-25T11:04:45","modified_gmt":"2025-08-25T09:04:45","slug":"kondicne-plavby","status":"publish","type":"page","link":"https:\/\/hmba.boats\/en\/kondicne-plavby\/","title":{"rendered":"Conditioning cruises"},"content":{"rendered":"<p>We offer fitness cruises during which you can refresh your sailing skills or prepare for the test. The sailboat of your choice and an experienced skipper will allow you to practice maneuvers, navigation and safety procedures. In addition to an unforgettable experience, you can count your sailed miles in your logbook for qualification purposes.<\/p>\n\n\n\n<ul class=\"wp-block-list\">\n<li>Renewing and improving sailing skills<\/li>\n\n\n\n<li>Training in navigation and sail handling<\/li>\n\n\n\n<li>Practice of safety procedures and manoeuvres in port<\/li>\n\n\n\n<li>Option to write down your miles in a logbook<\/li>\n<\/ul>\n\n\n\n<p>Conditioning cruises are suitable for beginners and advanced sailors who want to gain confidence and skills under the supervision of an experienced skipper.<\/p>\n\n\n\n<figure class=\"wp-block-image size-large\"><img decoding=\"async\" src=\"https:\/\/hmba.boats\/wp-content\/uploads\/2025\/08\/20240506_112007-2-1.jpg?w=1024\" alt=\"\" class=\"wp-image-39\" \/><\/figure>\n\n\n\n<figure class=\"wp-block-image size-large\"><img decoding=\"async\" src=\"https:\/\/hmba.boats\/wp-content\/uploads\/2025\/08\/20240505_075513-1-1.jpg?w=1024\" alt=\"Skupina muzov riadi plachetnicu pocas jachtovania\" class=\"wp-image-51\" \/><\/figure>","protected":false},"excerpt":{"rendered":"<p>Pon\u00fakame kondi\u010dn\u00e9 plavby, po\u010das ktor\u00fdch si m\u00f4\u017eete obnovi\u0165 svoje plavebn\u00e9 zru\u010dnosti alebo sa pripravi\u0165 na sk\u00fa\u0161ku. Plachetnica pod\u013ea v\u00e1\u0161ho v\u00fdberu a sk\u00fasen\u00fd kapit\u00e1n v\u00e1m umo\u017en\u00ed nacvi\u010di\u0165 man\u00e9vre, navig\u00e1ciu a bezpe\u010dnostn\u00e9 postupy. Okrem nezabudnute\u013en\u00e9ho z\u00e1\u017eitku si m\u00f4\u017eete zapo\u010d\u00edta\u0165 napl\u00e1van\u00e9 m\u00edle do svojho lodn\u00e9ho denn\u00edka pre potreby kvalifika\u010dn\u00e9ho preukazu. Kondi\u010dn\u00e9 plavby s\u00fa vhodn\u00e9 pre za\u010diato\u010dn\u00edkov aj pokro\u010dil\u00fdch [&hellip;]<\/p>","protected":false},"author":1,"featured_media":0,"parent":0,"menu_order":0,"comment_status":"closed","ping_status":"closed","template":"","meta":{"footnotes":""},"class_list":["post-24","page","type-page","status-publish","hentry"],"_links":{"self":[{"href":"https:\/\/hmba.boats\/en\/wp-json\/wp\/v2\/pages\/24","targetHints":{"allow":["GET"]}}],"collection":[{"href":"https:\/\/hmba.boats\/en\/wp-json\/wp\/v2\/pages"}],"about":[{"href":"https:\/\/hmba.boats\/en\/wp-json\/wp\/v2\/types\/page"}],"author":[{"embeddable":true,"href":"https:\/\/hmba.boats\/en\/wp-json\/wp\/v2\/users\/1"}],"replies":[{"embeddable":true,"href":"https:\/\/hmba.boats\/en\/wp-json\/wp\/v2\/comments?post=24"}],"version-history":[{"count":0,"href":"https:\/\/hmba.boats\/en\/wp-json\/wp\/v2\/pages\/24\/revisions"}],"wp:attachment":[{"href":"https:\/\/hmba.boats\/en\/wp-json\/wp\/v2\/media?parent=24"}],"curies":[{"name":"wp","href":"https:\/\/api.w.org\/{rel}","templated":true}]}}