{"id":17,"date":"2025-08-25T10:54:47","date_gmt":"2025-08-25T08:54:47","guid":{"rendered":"https:\/\/hmbsailing.wordpress.com\/?page_id=17"},"modified":"2025-09-25T14:41:37","modified_gmt":"2025-09-25T12:41:37","slug":"dovolenka-na-mori-s-kapitanom","status":"publish","type":"page","link":"https:\/\/hmba.boats\/en\/dovolenka-na-mori-s-kapitanom\/","title":{"rendered":"Holidays at sea with skipper"},"content":{"rendered":"<p>Discover the beauty of the sea during a sailing holiday under the guidance of an experienced skipper. The cruise will allow you to explore the beautiful coastlines, bays and islands without any worries. We will take care of everything from the itinerary to safety, you can enjoy the sun, sea and freedom.<\/p>\n\n\n\n<ul class=\"wp-block-list\">\n<li>Rent a sailboat with skipper<\/li>\n\n\n\n<li>Comfortable cabins and amenities<\/li>\n\n\n\n<li>Route planning according to your wishes<\/li>\n\n\n\n<li>Possibility of stops for swimming and snorkelling<\/li>\n<\/ul>\n\n\n\n<p>A skippered holiday is ideal for families, couples and groups of friends. Experience an unforgettable holiday at sea without worries<\/p>\n\n\n\n<figure class=\"wp-block-image size-large\"><img decoding=\"async\" src=\"https:\/\/hmba.boats\/wp-content\/uploads\/2025\/08\/20241006_104421-1.jpg?w=1024\" alt=\"\" class=\"wp-image-76\"\/><\/figure>\n\n\n\n<figure class=\"wp-block-image size-large\"><img decoding=\"async\" src=\"https:\/\/hmba.boats\/wp-content\/uploads\/2025\/08\/pxl_20241007_084833629.mp_-1.jpg?w=1024\" alt=\"\" class=\"wp-image-75\"\/><\/figure>\n\n\n\n<figure class=\"wp-block-image size-large\"><img loading=\"lazy\" decoding=\"async\" width=\"768\" height=\"1024\" src=\"https:\/\/hmba.boats\/wp-content\/uploads\/2025\/09\/hmb-fotka-stranka-768x1024.jpeg\" alt=\"\" class=\"wp-image-209\" srcset=\"https:\/\/hmba.boats\/wp-content\/uploads\/2025\/09\/hmb-fotka-stranka-768x1024.jpeg 768w, https:\/\/hmba.boats\/wp-content\/uploads\/2025\/09\/hmb-fotka-stranka-225x300.jpeg 225w, https:\/\/hmba.boats\/wp-content\/uploads\/2025\/09\/hmb-fotka-stranka-1152x1536.jpeg 1152w, https:\/\/hmba.boats\/wp-content\/uploads\/2025\/09\/hmb-fotka-stranka.jpeg 1200w\" sizes=\"auto, (max-width: 768px) 100vw, 768px\" \/><\/figure>","protected":false},"excerpt":{"rendered":"<p>Objavte kr\u00e1sy mora po\u010das dovolenky na plachetnici pod veden\u00edm sk\u00fasen\u00e9ho kapit\u00e1na. Plavba v\u00e1m umo\u017en\u00ed spozna\u0165 n\u00e1dhern\u00e9 pobre\u017eia, z\u00e1toky a ostrovy bez starost\u00ed. Postar\u00e1me sa o v\u0161etko od trasy a\u017e po bezpe\u010dnos\u0165, vy si m\u00f4\u017eete u\u017e\u00edva\u0165 slnko, more a slobodu. Dovolenka s kapit\u00e1nom je ide\u00e1lna pre rodiny, p\u00e1ry aj skupiny priate\u013eov. Za\u017eite nezabudnute\u013en\u00fa dovolenku na mori [&hellip;]<\/p>","protected":false},"author":1,"featured_media":0,"parent":0,"menu_order":0,"comment_status":"closed","ping_status":"closed","template":"","meta":{"footnotes":""},"class_list":["post-17","page","type-page","status-publish","hentry"],"_links":{"self":[{"href":"https:\/\/hmba.boats\/en\/wp-json\/wp\/v2\/pages\/17","targetHints":{"allow":["GET"]}}],"collection":[{"href":"https:\/\/hmba.boats\/en\/wp-json\/wp\/v2\/pages"}],"about":[{"href":"https:\/\/hmba.boats\/en\/wp-json\/wp\/v2\/types\/page"}],"author":[{"embeddable":true,"href":"https:\/\/hmba.boats\/en\/wp-json\/wp\/v2\/users\/1"}],"replies":[{"embeddable":true,"href":"https:\/\/hmba.boats\/en\/wp-json\/wp\/v2\/comments?post=17"}],"version-history":[{"count":1,"href":"https:\/\/hmba.boats\/en\/wp-json\/wp\/v2\/pages\/17\/revisions"}],"predecessor-version":[{"id":210,"href":"https:\/\/hmba.boats\/en\/wp-json\/wp\/v2\/pages\/17\/revisions\/210"}],"wp:attachment":[{"href":"https:\/\/hmba.boats\/en\/wp-json\/wp\/v2\/media?parent=17"}],"curies":[{"name":"wp","href":"https:\/\/api.w.org\/{rel}","templated":true}]}}