{"id":14,"date":"2025-08-25T10:57:37","date_gmt":"2025-08-25T08:57:37","guid":{"rendered":"https:\/\/hmbsailing.wordpress.com\/?page_id=14"},"modified":"2025-08-25T10:57:37","modified_gmt":"2025-08-25T08:57:37","slug":"teambuildingy-na-plachetnici","status":"publish","type":"page","link":"https:\/\/hmba.boats\/en\/teambuildingy-na-plachetnici\/","title":{"rendered":"Teambuildings on a sailing boat"},"content":{"rendered":"<p>Experience unconventional teambuilding that will bring your team together. Each sailboat offers a unique environment where colleagues learn to work together to set sails, navigate and communicate in a safe and fun environment. Together, we will create a program that will strengthen your team cohesion while providing relaxation at sea.<\/p>\n\n\n\n<ul class=\"wp-block-list\">\n<li>Practical sailing lessons with skipper<\/li>\n\n\n\n<li>Teamwork and collaboration on board<\/li>\n\n\n\n<li>Relax and unwind on the open sea<\/li>\n\n\n\n<li>Experience games and challenges<\/li>\n<\/ul>\n\n\n\n<p>Our experienced skippers will show you the basics of sailing and make sure you are safe so you can concentrate on the experience together.<\/p>\n\n\n\n<figure class=\"wp-block-image size-large\"><img decoding=\"async\" src=\"https:\/\/hmba.boats\/wp-content\/uploads\/2025\/08\/pxl_20250426_092910240-1.jpg?w=1024\" alt=\"\" class=\"wp-image-81\" \/><\/figure>","protected":false},"excerpt":{"rendered":"<p>Za\u017eite netradi\u010dn\u00fd teambuilding, ktor\u00fd spoj\u00ed v\u00e1\u0161 t\u00edm. Ka\u017ed\u00e1 plachetnica pon\u00faka jedine\u010dn\u00e9 prostredie, v ktorom si kolegovia osvoja spolupr\u00e1cu pri nastavovan\u00ed plachiet, navig\u00e1cii a komunik\u00e1cii v bezpe\u010dnom a z\u00e1bavnom prostred\u00ed. Spolo\u010dne vytvor\u00edme program, ktor\u00fd posiln\u00ed va\u0161u t\u00edmov\u00fa koh\u00e9ziu a z\u00e1rove\u0148 poskytne relax na mori. Na\u0161i sk\u00fasen\u00ed kapit\u00e1ni v\u00e1m uk\u00e1\u017eu z\u00e1klady plachtenia a postaraj\u00fa sa o bezpe\u010dnos\u0165, [&hellip;]<\/p>","protected":false},"author":1,"featured_media":0,"parent":0,"menu_order":4,"comment_status":"closed","ping_status":"closed","template":"","meta":{"footnotes":""},"class_list":["post-14","page","type-page","status-publish","hentry"],"_links":{"self":[{"href":"https:\/\/hmba.boats\/en\/wp-json\/wp\/v2\/pages\/14","targetHints":{"allow":["GET"]}}],"collection":[{"href":"https:\/\/hmba.boats\/en\/wp-json\/wp\/v2\/pages"}],"about":[{"href":"https:\/\/hmba.boats\/en\/wp-json\/wp\/v2\/types\/page"}],"author":[{"embeddable":true,"href":"https:\/\/hmba.boats\/en\/wp-json\/wp\/v2\/users\/1"}],"replies":[{"embeddable":true,"href":"https:\/\/hmba.boats\/en\/wp-json\/wp\/v2\/comments?post=14"}],"version-history":[{"count":0,"href":"https:\/\/hmba.boats\/en\/wp-json\/wp\/v2\/pages\/14\/revisions"}],"wp:attachment":[{"href":"https:\/\/hmba.boats\/en\/wp-json\/wp\/v2\/media?parent=14"}],"curies":[{"name":"wp","href":"https:\/\/api.w.org\/{rel}","templated":true}]}}