{"id":113,"date":"2025-08-25T10:54:03","date_gmt":"2025-08-25T08:54:03","guid":{"rendered":"https:\/\/hmbsailing.wordpress.com\/?page_id=7"},"modified":"2025-09-23T19:35:23","modified_gmt":"2025-09-23T17:35:23","slug":"domov","status":"publish","type":"page","link":"https:\/\/hmba.boats\/en\/","title":{"rendered":"HMB Sailing Academy"},"content":{"rendered":"<p>Welcome to our website. We organize teambuilding on sailboats, sailing trips with different focuses, holidays at sea with experienced skipper. Discover unique experiences aboard the sailing yacht of your choice, learn to control the wind and experience adventure at sea.<\/p>\n\n\n\n<p>Our services:<\/p>\n\n\n\n<ul class=\"wp-block-list\">\n<li>Conditioning sailing on a sailboat on request<\/li>\n\n\n\n<li>Holidays at sea with skipper<\/li>\n\n\n\n<li>Teambuilding <\/li>\n<\/ul>\n\n\n\n<figure class=\"wp-block-image size-large\"><img loading=\"lazy\" decoding=\"async\" width=\"1024\" height=\"732\" src=\"https:\/\/hmba.boats\/wp-content\/uploads\/2025\/09\/hmb-academy-orez-bez-loga-na-lodi-1024x732.jpg\" alt=\"\" class=\"wp-image-153\" srcset=\"https:\/\/hmba.boats\/wp-content\/uploads\/2025\/09\/hmb-academy-orez-bez-loga-na-lodi-1024x732.jpg 1024w, https:\/\/hmba.boats\/wp-content\/uploads\/2025\/09\/hmb-academy-orez-bez-loga-na-lodi-300x215.jpg 300w, https:\/\/hmba.boats\/wp-content\/uploads\/2025\/09\/hmb-academy-orez-bez-loga-na-lodi-768x549.jpg 768w, https:\/\/hmba.boats\/wp-content\/uploads\/2025\/09\/hmb-academy-orez-bez-loga-na-lodi.jpg 1201w\" sizes=\"auto, (max-width: 1024px) 100vw, 1024px\" \/><\/figure>","protected":false},"excerpt":{"rendered":"<p>Vitajte na na\u0161ej str\u00e1nke. Organizujeme teambuildingy na plachetnici, zdokona\u013eovacie plavby s r\u00f4znym zameran\u00edm, dovolenky na mori s ostrie\u013ean\u00fdm skipperom . Objavte jedine\u010dn\u00e9 z\u00e1\u017eitky na palube plachetn\u00edc pod\u013ea v\u00e1\u0161ho v\u00fdberu, nau\u010dte sa ovl\u00e1da\u0165 vietor a za\u017eite dobrodru\u017estvo na mori. Na\u0161e slu\u017eby:<\/p>","protected":false},"author":1,"featured_media":0,"parent":0,"menu_order":0,"comment_status":"closed","ping_status":"closed","template":"","meta":{"footnotes":""},"class_list":["post-113","page","type-page","status-publish","hentry"],"_links":{"self":[{"href":"https:\/\/hmba.boats\/en\/wp-json\/wp\/v2\/pages\/113","targetHints":{"allow":["GET"]}}],"collection":[{"href":"https:\/\/hmba.boats\/en\/wp-json\/wp\/v2\/pages"}],"about":[{"href":"https:\/\/hmba.boats\/en\/wp-json\/wp\/v2\/types\/page"}],"author":[{"embeddable":true,"href":"https:\/\/hmba.boats\/en\/wp-json\/wp\/v2\/users\/1"}],"replies":[{"embeddable":true,"href":"https:\/\/hmba.boats\/en\/wp-json\/wp\/v2\/comments?post=113"}],"version-history":[{"count":2,"href":"https:\/\/hmba.boats\/en\/wp-json\/wp\/v2\/pages\/113\/revisions"}],"predecessor-version":[{"id":154,"href":"https:\/\/hmba.boats\/en\/wp-json\/wp\/v2\/pages\/113\/revisions\/154"}],"wp:attachment":[{"href":"https:\/\/hmba.boats\/en\/wp-json\/wp\/v2\/media?parent=113"}],"curies":[{"name":"wp","href":"https:\/\/api.w.org\/{rel}","templated":true}]}}