{"id":110,"date":"2025-08-25T10:26:03","date_gmt":"2025-08-25T08:26:03","guid":{"rendered":"http:\/\/hmbsailing.wordpress.com\/?page_id=1"},"modified":"2025-08-25T10:26:03","modified_gmt":"2025-08-25T08:26:03","slug":"o-nas","status":"publish","type":"page","link":"https:\/\/hmba.boats\/en\/o-nas\/","title":{"rendered":"About us"},"content":{"rendered":"<p>We are a bunch of enthusiasts who love the sea, wind and sails. We feel at home on board because we believe that it is at sea where the best ideas and friendships are made. Our goal is to share this passion with you, to show you the beauty of sailing and to create unforgettable experiences that will energize you. Join us and let yourself be carried away by the wind, the freedom and the adventure.<\/p>\n\n\n\n<figure class=\"wp-block-image size-large\"><img loading=\"lazy\" decoding=\"async\" width=\"2304\" height=\"2304\" src=\"https:\/\/hmba.boats\/wp-content\/uploads\/2025\/08\/blendboard-edited-1.png?w=1024\" alt=\"\" class=\"wp-image-79\" srcset=\"https:\/\/hmba.boats\/wp-content\/uploads\/2025\/08\/blendboard-edited-1.png 2304w, https:\/\/hmba.boats\/wp-content\/uploads\/2025\/08\/blendboard-edited-1-300x300.png 300w, https:\/\/hmba.boats\/wp-content\/uploads\/2025\/08\/blendboard-edited-1-1024x1024.png 1024w, https:\/\/hmba.boats\/wp-content\/uploads\/2025\/08\/blendboard-edited-1-150x150.png 150w, https:\/\/hmba.boats\/wp-content\/uploads\/2025\/08\/blendboard-edited-1-768x768.png 768w, https:\/\/hmba.boats\/wp-content\/uploads\/2025\/08\/blendboard-edited-1-1536x1536.png 1536w, https:\/\/hmba.boats\/wp-content\/uploads\/2025\/08\/blendboard-edited-1-2048x2048.png 2048w\" sizes=\"auto, (max-width: 2304px) 100vw, 2304px\" \/><\/figure>","protected":false},"excerpt":{"rendered":"<p>Sme partia nad\u0161encov, ktor\u00ed miluj\u00fa more, vietor a plachty. Na palube sa c\u00edtime ako doma, preto\u017ee ver\u00edme, \u017ee pr\u00e1ve na mori vznikaj\u00fa tie najlep\u0161ie n\u00e1pady a priate\u013estv\u00e1. Na\u0161\u00edm cie\u013eom je zdie\u013ea\u0165 t\u00fato v\u00e1\u0161e\u0148 s vami, uk\u00e1za\u0165 v\u00e1m kr\u00e1su jachtingu a vytvori\u0165 nezabudnute\u013en\u00e9 z\u00e1\u017eitky, ktor\u00e9 v\u00e1s nabij\u00fa energiou. Pridajte sa k n\u00e1m a nechajte sa un\u00e1\u0161a\u0165 [&hellip;]<\/p>","protected":false},"author":1,"featured_media":0,"parent":0,"menu_order":98,"comment_status":"closed","ping_status":"closed","template":"","meta":{"footnotes":""},"class_list":["post-110","page","type-page","status-publish","hentry"],"_links":{"self":[{"href":"https:\/\/hmba.boats\/en\/wp-json\/wp\/v2\/pages\/110","targetHints":{"allow":["GET"]}}],"collection":[{"href":"https:\/\/hmba.boats\/en\/wp-json\/wp\/v2\/pages"}],"about":[{"href":"https:\/\/hmba.boats\/en\/wp-json\/wp\/v2\/types\/page"}],"author":[{"embeddable":true,"href":"https:\/\/hmba.boats\/en\/wp-json\/wp\/v2\/users\/1"}],"replies":[{"embeddable":true,"href":"https:\/\/hmba.boats\/en\/wp-json\/wp\/v2\/comments?post=110"}],"version-history":[{"count":0,"href":"https:\/\/hmba.boats\/en\/wp-json\/wp\/v2\/pages\/110\/revisions"}],"wp:attachment":[{"href":"https:\/\/hmba.boats\/en\/wp-json\/wp\/v2\/media?parent=110"}],"curies":[{"name":"wp","href":"https:\/\/api.w.org\/{rel}","templated":true}]}}